{"id":1540,"date":"2017-08-30T03:51:03","date_gmt":"2017-08-30T03:51:03","guid":{"rendered":"https:\/\/sample-data.arrowtheme.com\/modus\/?post_type=product&#038;p=1540"},"modified":"2025-08-28T01:55:15","modified_gmt":"2025-08-27T18:55:15","slug":"mini-desk-18","status":"publish","type":"product","link":"https:\/\/vagoo.vn\/index.php\/san-pham\/mini-desk-18\/","title":{"rendered":"B\u1ed9 4 m\u00f3n \u0111\u0169a mu\u1ed1n: 4P Vagoo"},"content":{"rendered":"<p><img loading=\"lazy\" decoding=\"async\" src=\"https:\/\/i0.wp.com\/vagoo.vn\/wp-content\/uploads\/2017\/08\/Bo-dua-muong-4P-Vagoo-7.jpg?resize=300%2C300&#038;ssl=1\" alt=\"\" width=\"300\" height=\"300\" class=\"alignnone size-medium wp-image-2497\" srcset=\"https:\/\/i0.wp.com\/vagoo.vn\/wp-content\/uploads\/2017\/08\/Bo-dua-muong-4P-Vagoo-7.jpg?resize=300%2C300&amp;ssl=1 300w, https:\/\/i0.wp.com\/vagoo.vn\/wp-content\/uploads\/2017\/08\/Bo-dua-muong-4P-Vagoo-7.jpg?resize=150%2C150&amp;ssl=1 150w, https:\/\/i0.wp.com\/vagoo.vn\/wp-content\/uploads\/2017\/08\/Bo-dua-muong-4P-Vagoo-7.jpg?resize=768%2C769&amp;ssl=1 768w, https:\/\/i0.wp.com\/vagoo.vn\/wp-content\/uploads\/2017\/08\/Bo-dua-muong-4P-Vagoo-7.jpg?resize=120%2C120&amp;ssl=1 120w, https:\/\/i0.wp.com\/vagoo.vn\/wp-content\/uploads\/2017\/08\/Bo-dua-muong-4P-Vagoo-7.jpg?resize=100%2C100&amp;ssl=1 100w, https:\/\/i0.wp.com\/vagoo.vn\/wp-content\/uploads\/2017\/08\/Bo-dua-muong-4P-Vagoo-7.jpg?resize=80%2C80&amp;ssl=1 80w, https:\/\/i0.wp.com\/vagoo.vn\/wp-content\/uploads\/2017\/08\/Bo-dua-muong-4P-Vagoo-7.jpg?resize=70%2C70&amp;ssl=1 70w, https:\/\/i0.wp.com\/vagoo.vn\/wp-content\/uploads\/2017\/08\/Bo-dua-muong-4P-Vagoo-7.jpg?resize=555%2C555&amp;ssl=1 555w, https:\/\/i0.wp.com\/vagoo.vn\/wp-content\/uploads\/2017\/08\/Bo-dua-muong-4P-Vagoo-7.jpg?resize=360%2C360&amp;ssl=1 360w, https:\/\/i0.wp.com\/vagoo.vn\/wp-content\/uploads\/2017\/08\/Bo-dua-muong-4P-Vagoo-7.jpg?resize=394%2C394&amp;ssl=1 394w, https:\/\/i0.wp.com\/vagoo.vn\/wp-content\/uploads\/2017\/08\/Bo-dua-muong-4P-Vagoo-7.jpg?resize=600%2C601&amp;ssl=1 600w, https:\/\/i0.wp.com\/vagoo.vn\/wp-content\/uploads\/2017\/08\/Bo-dua-muong-4P-Vagoo-7.jpg?w=959&amp;ssl=1 959w\" sizes=\"auto, (max-width: 300px) 100vw, 300px\" data-recalc-dims=\"1\" \/><\/p>\n<p><img loading=\"lazy\" decoding=\"async\" src=\"https:\/\/i0.wp.com\/vagoo.vn\/wp-content\/uploads\/2017\/08\/Bo-dua-muong-4P-Vagoo-5.jpg?resize=300%2C300&#038;ssl=1\" alt=\"\" width=\"300\" height=\"300\" class=\"alignnone size-medium wp-image-2495\" srcset=\"https:\/\/i0.wp.com\/vagoo.vn\/wp-content\/uploads\/2017\/08\/Bo-dua-muong-4P-Vagoo-5-rotated.jpg?resize=300%2C300&amp;ssl=1 300w, https:\/\/i0.wp.com\/vagoo.vn\/wp-content\/uploads\/2017\/08\/Bo-dua-muong-4P-Vagoo-5-rotated.jpg?resize=150%2C150&amp;ssl=1 150w, https:\/\/i0.wp.com\/vagoo.vn\/wp-content\/uploads\/2017\/08\/Bo-dua-muong-4P-Vagoo-5-rotated.jpg?resize=120%2C120&amp;ssl=1 120w, https:\/\/i0.wp.com\/vagoo.vn\/wp-content\/uploads\/2017\/08\/Bo-dua-muong-4P-Vagoo-5-rotated.jpg?resize=100%2C100&amp;ssl=1 100w, https:\/\/i0.wp.com\/vagoo.vn\/wp-content\/uploads\/2017\/08\/Bo-dua-muong-4P-Vagoo-5-rotated.jpg?resize=80%2C80&amp;ssl=1 80w, https:\/\/i0.wp.com\/vagoo.vn\/wp-content\/uploads\/2017\/08\/Bo-dua-muong-4P-Vagoo-5-rotated.jpg?resize=70%2C70&amp;ssl=1 70w, https:\/\/i0.wp.com\/vagoo.vn\/wp-content\/uploads\/2017\/08\/Bo-dua-muong-4P-Vagoo-5-rotated.jpg?resize=555%2C555&amp;ssl=1 555w, https:\/\/i0.wp.com\/vagoo.vn\/wp-content\/uploads\/2017\/08\/Bo-dua-muong-4P-Vagoo-5-rotated.jpg?resize=360%2C360&amp;ssl=1 360w, https:\/\/i0.wp.com\/vagoo.vn\/wp-content\/uploads\/2017\/08\/Bo-dua-muong-4P-Vagoo-5-rotated.jpg?resize=394%2C394&amp;ssl=1 394w, https:\/\/i0.wp.com\/vagoo.vn\/wp-content\/uploads\/2017\/08\/Bo-dua-muong-4P-Vagoo-5-rotated.jpg?resize=600%2C600&amp;ssl=1 600w, https:\/\/i0.wp.com\/vagoo.vn\/wp-content\/uploads\/2017\/08\/Bo-dua-muong-4P-Vagoo-5-rotated.jpg?w=644&amp;ssl=1 644w\" sizes=\"auto, (max-width: 300px) 100vw, 300px\" data-recalc-dims=\"1\" \/><\/p>\n<p><img loading=\"lazy\" decoding=\"async\" src=\"https:\/\/i0.wp.com\/vagoo.vn\/wp-content\/uploads\/2017\/08\/Bo-Dua-muong-4P-Vagoo-6.jpg?resize=300%2C300&#038;ssl=1\" alt=\"\" width=\"300\" height=\"300\" class=\"alignnone size-medium wp-image-2496\" srcset=\"https:\/\/i0.wp.com\/vagoo.vn\/wp-content\/uploads\/2017\/08\/Bo-Dua-muong-4P-Vagoo-6.jpg?resize=300%2C300&amp;ssl=1 300w, https:\/\/i0.wp.com\/vagoo.vn\/wp-content\/uploads\/2017\/08\/Bo-Dua-muong-4P-Vagoo-6.jpg?resize=150%2C150&amp;ssl=1 150w, https:\/\/i0.wp.com\/vagoo.vn\/wp-content\/uploads\/2017\/08\/Bo-Dua-muong-4P-Vagoo-6.jpg?resize=768%2C769&amp;ssl=1 768w, https:\/\/i0.wp.com\/vagoo.vn\/wp-content\/uploads\/2017\/08\/Bo-Dua-muong-4P-Vagoo-6.jpg?resize=120%2C120&amp;ssl=1 120w, https:\/\/i0.wp.com\/vagoo.vn\/wp-content\/uploads\/2017\/08\/Bo-Dua-muong-4P-Vagoo-6.jpg?resize=100%2C100&amp;ssl=1 100w, https:\/\/i0.wp.com\/vagoo.vn\/wp-content\/uploads\/2017\/08\/Bo-Dua-muong-4P-Vagoo-6.jpg?resize=80%2C80&amp;ssl=1 80w, https:\/\/i0.wp.com\/vagoo.vn\/wp-content\/uploads\/2017\/08\/Bo-Dua-muong-4P-Vagoo-6.jpg?resize=70%2C70&amp;ssl=1 70w, https:\/\/i0.wp.com\/vagoo.vn\/wp-content\/uploads\/2017\/08\/Bo-Dua-muong-4P-Vagoo-6.jpg?resize=555%2C555&amp;ssl=1 555w, https:\/\/i0.wp.com\/vagoo.vn\/wp-content\/uploads\/2017\/08\/Bo-Dua-muong-4P-Vagoo-6.jpg?resize=360%2C360&amp;ssl=1 360w, https:\/\/i0.wp.com\/vagoo.vn\/wp-content\/uploads\/2017\/08\/Bo-Dua-muong-4P-Vagoo-6.jpg?resize=394%2C394&amp;ssl=1 394w, https:\/\/i0.wp.com\/vagoo.vn\/wp-content\/uploads\/2017\/08\/Bo-Dua-muong-4P-Vagoo-6.jpg?resize=600%2C601&amp;ssl=1 600w, https:\/\/i0.wp.com\/vagoo.vn\/wp-content\/uploads\/2017\/08\/Bo-Dua-muong-4P-Vagoo-6.jpg?w=959&amp;ssl=1 959w\" sizes=\"auto, (max-width: 300px) 100vw, 300px\" data-recalc-dims=\"1\" \/><\/p>\n<p><img loading=\"lazy\" decoding=\"async\" src=\"https:\/\/i0.wp.com\/vagoo.vn\/wp-content\/uploads\/2017\/08\/Bo-Dua-Muong-4P-Vagoo.jpg?resize=300%2C300&#038;ssl=1\" alt=\"\" width=\"300\" height=\"300\" class=\"alignnone size-medium wp-image-2499\" srcset=\"https:\/\/i0.wp.com\/vagoo.vn\/wp-content\/uploads\/2017\/08\/Bo-Dua-Muong-4P-Vagoo.jpg?resize=300%2C300&amp;ssl=1 300w, https:\/\/i0.wp.com\/vagoo.vn\/wp-content\/uploads\/2017\/08\/Bo-Dua-Muong-4P-Vagoo.jpg?resize=150%2C150&amp;ssl=1 150w, https:\/\/i0.wp.com\/vagoo.vn\/wp-content\/uploads\/2017\/08\/Bo-Dua-Muong-4P-Vagoo.jpg?resize=120%2C120&amp;ssl=1 120w, https:\/\/i0.wp.com\/vagoo.vn\/wp-content\/uploads\/2017\/08\/Bo-Dua-Muong-4P-Vagoo.jpg?resize=100%2C100&amp;ssl=1 100w, https:\/\/i0.wp.com\/vagoo.vn\/wp-content\/uploads\/2017\/08\/Bo-Dua-Muong-4P-Vagoo.jpg?resize=80%2C80&amp;ssl=1 80w, https:\/\/i0.wp.com\/vagoo.vn\/wp-content\/uploads\/2017\/08\/Bo-Dua-Muong-4P-Vagoo.jpg?resize=70%2C70&amp;ssl=1 70w, https:\/\/i0.wp.com\/vagoo.vn\/wp-content\/uploads\/2017\/08\/Bo-Dua-Muong-4P-Vagoo.jpg?resize=555%2C555&amp;ssl=1 555w, https:\/\/i0.wp.com\/vagoo.vn\/wp-content\/uploads\/2017\/08\/Bo-Dua-Muong-4P-Vagoo.jpg?resize=360%2C360&amp;ssl=1 360w, https:\/\/i0.wp.com\/vagoo.vn\/wp-content\/uploads\/2017\/08\/Bo-Dua-Muong-4P-Vagoo.jpg?resize=394%2C394&amp;ssl=1 394w, https:\/\/i0.wp.com\/vagoo.vn\/wp-content\/uploads\/2017\/08\/Bo-Dua-Muong-4P-Vagoo.jpg?w=601&amp;ssl=1 601w\" sizes=\"auto, (max-width: 300px) 100vw, 300px\" data-recalc-dims=\"1\" \/><\/p>\n<p><img loading=\"lazy\" decoding=\"async\" src=\"https:\/\/i0.wp.com\/vagoo.vn\/wp-content\/uploads\/2017\/08\/Bo-4P-Vagoo-1.jpg?resize=300%2C300&#038;ssl=1\" alt=\"\" width=\"300\" height=\"300\" class=\"alignnone size-medium wp-image-2491\" srcset=\"https:\/\/i0.wp.com\/vagoo.vn\/wp-content\/uploads\/2017\/08\/Bo-4P-Vagoo-1.jpg?resize=300%2C300&amp;ssl=1 300w, https:\/\/i0.wp.com\/vagoo.vn\/wp-content\/uploads\/2017\/08\/Bo-4P-Vagoo-1.jpg?resize=150%2C150&amp;ssl=1 150w, https:\/\/i0.wp.com\/vagoo.vn\/wp-content\/uploads\/2017\/08\/Bo-4P-Vagoo-1.jpg?resize=768%2C768&amp;ssl=1 768w, https:\/\/i0.wp.com\/vagoo.vn\/wp-content\/uploads\/2017\/08\/Bo-4P-Vagoo-1.jpg?resize=120%2C120&amp;ssl=1 120w, https:\/\/i0.wp.com\/vagoo.vn\/wp-content\/uploads\/2017\/08\/Bo-4P-Vagoo-1.jpg?resize=100%2C100&amp;ssl=1 100w, https:\/\/i0.wp.com\/vagoo.vn\/wp-content\/uploads\/2017\/08\/Bo-4P-Vagoo-1.jpg?resize=80%2C80&amp;ssl=1 80w, https:\/\/i0.wp.com\/vagoo.vn\/wp-content\/uploads\/2017\/08\/Bo-4P-Vagoo-1.jpg?resize=70%2C70&amp;ssl=1 70w, https:\/\/i0.wp.com\/vagoo.vn\/wp-content\/uploads\/2017\/08\/Bo-4P-Vagoo-1.jpg?resize=555%2C555&amp;ssl=1 555w, https:\/\/i0.wp.com\/vagoo.vn\/wp-content\/uploads\/2017\/08\/Bo-4P-Vagoo-1.jpg?resize=360%2C360&amp;ssl=1 360w, https:\/\/i0.wp.com\/vagoo.vn\/wp-content\/uploads\/2017\/08\/Bo-4P-Vagoo-1.jpg?resize=394%2C394&amp;ssl=1 394w, https:\/\/i0.wp.com\/vagoo.vn\/wp-content\/uploads\/2017\/08\/Bo-4P-Vagoo-1.jpg?resize=600%2C600&amp;ssl=1 600w, https:\/\/i0.wp.com\/vagoo.vn\/wp-content\/uploads\/2017\/08\/Bo-4P-Vagoo-1.jpg?w=959&amp;ssl=1 959w\" sizes=\"auto, (max-width: 300px) 100vw, 300px\" data-recalc-dims=\"1\" \/><\/p>\n","protected":false},"excerpt":{"rendered":"<p>S\u1ea3n ph\u1ea9m c\u00f3 4 c\u1eb7p g\u1ed3m \u0111\u0169a v\u00e0 mu\u1ed7ng cho ph\u00e9p b\u1ea1n d\u00f9ng cho gia \u0111\u00ecnh 4 ng\u01b0\u1eddi tuy\u1ec7t v\u1eddi<\/p>\n","protected":false},"featured_media":2483,"comment_status":"open","ping_status":"closed","template":"","meta":[],"product_cat":[16,37,34],"product_tag":[],"class_list":["post-1540","product","type-product","status-publish","has-post-thumbnail","hentry","product_cat-chua-phan-loai","product_cat-do-dung-ban-an","product_cat-do-dung-trong-bep"],"_links":{"self":[{"href":"https:\/\/vagoo.vn\/index.php\/wp-json\/wp\/v2\/product\/1540","targetHints":{"allow":["GET"]}}],"collection":[{"href":"https:\/\/vagoo.vn\/index.php\/wp-json\/wp\/v2\/product"}],"about":[{"href":"https:\/\/vagoo.vn\/index.php\/wp-json\/wp\/v2\/types\/product"}],"replies":[{"embeddable":true,"href":"https:\/\/vagoo.vn\/index.php\/wp-json\/wp\/v2\/comments?post=1540"}],"wp:featuredmedia":[{"embeddable":true,"href":"https:\/\/vagoo.vn\/index.php\/wp-json\/wp\/v2\/media\/2483"}],"wp:attachment":[{"href":"https:\/\/vagoo.vn\/index.php\/wp-json\/wp\/v2\/media?parent=1540"}],"wp:term":[{"taxonomy":"product_cat","embeddable":true,"href":"https:\/\/vagoo.vn\/index.php\/wp-json\/wp\/v2\/product_cat?post=1540"},{"taxonomy":"product_tag","embeddable":true,"href":"https:\/\/vagoo.vn\/index.php\/wp-json\/wp\/v2\/product_tag?post=1540"}],"curies":[{"name":"wp","href":"https:\/\/api.w.org\/{rel}","templated":true}]}}