{"id":2436,"date":"2017-04-18T03:08:03","date_gmt":"2017-04-18T03:08:03","guid":{"rendered":"https:\/\/sample-data.arrowtheme.com\/modus\/?page_id=22"},"modified":"2022-07-20T18:52:25","modified_gmt":"2022-07-20T11:52:25","slug":"gioi-thieu","status":"publish","type":"page","link":"https:\/\/vagoo.vn\/index.php\/gioi-thieu\/","title":{"rendered":"Gi\u1edbi thi\u1ec7u"},"content":{"rendered":"<p>[vc_row el_class=&#8221;padding-bottom-60&#8243;][vc_column width=&#8221;1\/2&#8243;][vc_single_image image=&#8221;320&#8243; img_size=&#8221;full&#8221; css=&#8221;.vc_custom_1496806900836{margin-bottom: 0px !important;}&#8221;][\/vc_column][vc_column width=&#8221;1\/2&#8243;]\r\n    <div class=\"modus-headingtitle  default md sfc wow fadeInUp\" data-wow-duration=\"300ms\" data-wow-delay=\"100ms\">\r\n        <div class=\"shortcode-title wpb_bottom-to-top text-left\">\r\n                                                <h2>\r\n                        Gi\u1edbi thi\u1ec7u c\u00f4ng ty                                            <\/h2>\r\n                                                                        <\/div>\r\n    <\/div>\r\n    [vc_column_text css=&#8221;.vc_custom_1658317870886{margin-bottom: 20px !important;}&#8221;]B\u1eaft ngu\u1ed3n t\u1eeb truy\u1ec1n th\u1ed1ng c\u1ee7a d\u00e2n t\u1ed9c v\u00e0 nhu c\u1ea7u c\u1ee7a th\u1ecb tr\u01b0\u1eddng, \u00a0ra \u0111\u1eddi t\u1eeb th\u00e1ng 01 n\u0103m 2015. Ban \u0111\u1ea7u th\u00e0nh l\u1eadp v\u1edbi c\u01a1 s\u1edf s\u1ea3n xu\u1ea5t ch\u1ec9 v\u1edbi 5 nh\u00e2n c\u00f4ng, ho\u1ea1t \u0111\u1ed9ng theo qui m\u00f4 gia \u0111\u00ecnh. Sau 7 n\u0103m h\u00ecnh th\u00e0nh v\u00e0 ph\u00e1t tri\u1ec3n ch\u00fang t\u00f4i \u0111\u00e3 c\u00f3 2 x\u01b0\u1edfng s\u1ea3n xu\u1ea5t v\u1edbi qui m\u00f4 2000 m2 c\u00f9ng v\u1edbi h\u01a1n 6 v\u1ec7 tinh gia c\u00f4ng cung c\u1ea5p nguy\u00ean li\u1ec7u, ph\u00f4i th\u00f4, ph\u00f4i tinh v\u00e0 b\u00e1n th\u00e0nh ph\u1ea9m.[\/vc_column_text][vc_column_text css=&#8221;.vc_custom_1658317946880{margin-bottom: 0px !important;}&#8221;]C\u00f9ng v\u1edbi kinh nghi\u1ec7m l\u00e0m h\u00e0ng OEM cho c\u00e1c \u0111\u1ed1i t\u00e1c t\u1ea1i Nh\u1eadt B\u1ea3n v\u00e0 H\u00e0n Qu\u1ed1c v\u1edbi c\u00e1c ti\u00eau chu\u1ea9n v\u00e0 y\u00eau c\u1ea7u v\u1ec1 th\u1ea9m m\u1ef9 kh\u1eafc khe. Ch\u00fang t\u00f4i t\u1ef1 tin mang \u0111\u1ebfn kh\u00e1ch h\u00e0ng c\u00e1c s\u1ea3n ph\u1ea9m tr\u00ean:<br \/>\nB\u00e0n \u0103n v\u00e0 D\u1ee5ng c\u1ee5 l\u00e0m b\u1ebfp ch\u1ea5t l\u01b0\u1ee3ng nh\u1ea5t, An to\u00e0n nh\u1ea5t, Xanh s\u1ea1ch nh\u1ea5t.S\u1ef1 kh\u00e1c bi\u1ec7t c\u1ee7a ch\u00fang t\u00f4i, \u0111\u00f3 l\u00e0: ch\u00fang t\u00f4i k\u1ebf th\u1eeba k\u1ef9 thu\u1eadt c\u1ee7a \u00f4ng cha ta truy\u1ec1n l\u1ea1i ( k\u1ef9 thu\u1eadt s\u01a1n m\u00e0i), dung nguy\u00ean li\u1ec7u t\u1ef1 nhi\u00ean ( kh\u00f4ng dung nguy\u00ean li\u1ec7u c\u00f4ng nghi\u1ec7p ) \u0111\u00f3 l\u00e0 tinh d\u1ea7u c\u00e2y s\u01a1n ta ( <em><i>Rhus succedaneum<\/i><\/em>, tr\u01b0\u1edbc kia c\u00f3 t\u00ean l\u00e0\u00a0<em><i>Toxicodendron succedaneum <\/i><\/em>) \u0111\u1ec3 ph\u1ee7 ( coating ) l\u00ean b\u1ec1 m\u1eb7t s\u1ea3n ph\u1ea9m nh\u1eb1m t\u1ea1o \u0111\u1ed9 b\u00f3ng l\u00e1ng ( ng\u0103n ch\u1ea5t b\u1ea9n b\u00e1m l\u00ean b\u1ec1 m\u1eb7t v\u00e0 kh\u00f4ng c\u00f3 ch\u1ed7 cho vi khu\u1ea9n l\u00e0m t\u1ed5 ), \u0111\u1ed3ng th\u1eddi ch\u1ed1ng th\u1ea5m n\u01b0\u1edbc n\u00ean s\u1ea3n ph\u1ea9m kh\u00f4ng b\u1ecb n\u1ea5m m\u1ed1c, t\u1ea1o s\u1ef1 sang tr\u1ecdng, th\u1ea9m m\u1ef9 cho s\u1ea3n ph\u1ea9m.M\u1eb7t d\u00f9 s\u1ea3n ph\u1ea9m ch\u00fang t\u00f4i s\u1ea3n xu\u1ea5t t\u1eeb g\u1ed7, nh\u01b0ng \u00a0g\u1ed7 ch\u00fang t\u00f4i s\u1eed d\u1ee5ng l\u00e0 lo\u1ea1i g\u1ed7 c\u00f3 ngu\u1ed3n g\u1ed1c t\u1eeb r\u1eebng tr\u1ed3ng nh\u01b0: Tr\u00e0m ( Acacia ), X\u00e0 C\u1eeb ( Faux Acajen ), G\u1ed7 nh\u00e3n ( Longan Tree ) Ch\u00fang t\u00f4i kh\u00f4ng d\u00f9ng c\u00e1c lo\u1ea1i g\u1ed7 qu\u00fd nh\u01b0: c\u1ea9m lai, mun, tr\u1eafc, v.v\u2026 B\u00ean c\u1ea1nh \u0111\u00f3, c\u00f2n s\u1eed d\u1ee5ng c\u00e1c lo\u1ea1i g\u1ed7 nh\u1eadp kh\u1ea9u c\u00f3 ngu\u1ed3n g\u1ed1c r\u00f5 r\u00e0ng nh\u01b0: Beech ( Gi\u1ebb dai ), Ash ( T\u1ea7n B\u00ec ), Teak ( Gi\u00e1 t\u1ef5)\u2026T\u1ee5c ng\u1eef Vi\u1ec7t Nam c\u00f3 c\u00e2u: Nh\u00e0 s\u1ea1ch th\u00ec m\u00e1t, B\u00e1t s\u1ea1ch ngon c\u01a1m. Trong m\u1eb7t tr\u00e1i c\u1ee7a n\u1ec1n kinh t\u1ebf th\u1ecb tr\u01b0\u1eddng \u0111\u00f3 l\u00e0 s\u1ef1 h\u1ed1i h\u1ea3, b\u1eadn r\u1ed9n v\u00e0 \u00f4 nhi\u1ec5m, h\u00e3y \u0111\u1ec3 ch\u00fang t\u00f4i g\u1eafn k\u1ebft c\u00e1c th\u00e0nh vi\u00ean trong gia \u0111\u00ecnh b\u1ea1n v\u00e0 ch\u0103m s\u00f3c t\u1ed5 \u1ea5m c\u1ee7a gia \u0111\u00ecnh b\u1ea1n th\u00f4ng qua c\u00e1c s\u1ea3n ph\u1ea9m c\u1ee7a ch\u00fang t\u00f4i.Vagoo : \u00a0N\u00eam C\u1ea3m x\u00fac \u2013 G\u1eafp Y\u00eau Th\u01b0\u01a1ng[\/vc_column_text][\/vc_column][\/vc_row][vc_row full_width=&#8221;stretch_row&#8221; el_class=&#8221;padding-top-60 padding-bottom-60&#8243; css=&#8221;.vc_custom_1496798609258{background-color: #f8f8f8 !important;}&#8221;][vc_column width=&#8221;1\/2&#8243;]\r\n    <div class=\"modus-headingtitle  default md sfc wow fadeInUp\" data-wow-duration=\"300ms\" data-wow-delay=\"100ms\">\r\n        <div class=\"shortcode-title wpb_bottom-to-top text-left\">\r\n                                                <h2>\r\n                        Qui tr\u00ecnh s\u1ea3n xu\u1ea5t:                                            <\/h2>\r\n                                                                        <\/div>\r\n    <\/div>\r\n    [vc_column_text css=&#8221;.vc_custom_1658317549320{margin-bottom: 0px !important;}&#8221; el_class=&#8221;block_about&#8221;]<\/p>\n<p>Ch\u1ecdn nguy\u00ean li\u1ec7u, x\u1ee7 l\u00fd s\u1ea5y kh\u00f4 \u0111\u1ec3 lo\u1ea1i b\u1ecf \u0111\u1ed9 \u1ea9m gi\u00fap s\u1ea3n ph\u1ea9m \u00edt b\u1ecb bi\u1ebfn d\u1ea1ng khi s\u1eed d\u1ee5ng, tr\u00e1nh \u0111\u01b0\u1ee3c n\u1ea5m m\u00f4c.<\/p>\n<p>C\u01b0a ch\u1ebb, t\u1ea1o h\u00ecnh s\u1ea3n ph\u1ea9m theo c\u00e1c k\u00edch th\u01b0\u1edbc v\u00e0 m\u1eabu m\u00e3 kh\u00e1c nhau<\/p>\n<p>Ti\u1ebfn h\u00e0nh c\u00f4ng \u0111o\u1ea1n gia c\u00f4ng m\u00e0i nh\u00e1m, t\u1ea1o \u0111\u1ed9 b\u00f3ng l\u00e1ng c\u1ee7a ph\u00f4i g\u1ed7 \u0111\u1ec3 khi lau tinh d\u1ea7u \u0111\u01b0\u1ee3c \u0111\u1eb9p h\u01a1n, v\u00e0 t\u1ea1o \u0111\u1ed9 tinh x\u1ea3o c\u1ee7a s\u1ea3n ph\u1ea9m<\/p>\n<p>Ki\u1ec3m tra l\u1ed7i s\u1ea3n ph\u1ea9m tr\u01b0\u1edbc khi \u0111i v\u00e0o kh\u00e2u ho\u00e0n thi\u1ec7n<\/p>\n<p>Ti\u1ebfn h\u00e0nh lau d\u1ea7u v\u00e0 ho\u00e0n thi\u1ec7n c\u00f4ng \u0111o\u1ea1n cu\u1ed1i.<\/p>\n<p>Ki\u1ec3m tra l\u1ea7n cu\u1ed1i v\u00e0 \u0111\u00f3ng g\u00f3i.<\/p>\n<p>Nh\u1eadp kho v\u00e0 v\u1eadn chuy\u1ec3n \u0111\u1ebfn kh\u00e1ch h\u00e0ng.[\/vc_column_text][\/vc_column][vc_column width=&#8221;1\/2&#8243;][\/vc_column][\/vc_row][vc_row el_class=&#8221;padding-top-60 padding-bottom-60&#8243;][vc_column][\/vc_column][\/vc_row]<\/p>\n","protected":false},"excerpt":{"rendered":"<p>[vc_row el_class=&#8221;padding-bottom-60&#8243;][vc_column width=&#8221;1\/2&#8243;][vc_single_image image=&#8221;320&#8243; img_size=&#8221;full&#8221; css=&#8221;.vc_custom_1496806900836{margin-bottom: 0px !important;}&#8221;][\/vc_column][vc_column width=&#8221;1\/2&#8243;][vc_column_text css=&#8221;.vc_custom_1658317870886{margin-bottom: 20px !important;}&#8221;]B\u1eaft ngu\u1ed3n t\u1eeb truy\u1ec1n th\u1ed1ng c\u1ee7a d\u00e2n t\u1ed9c v\u00e0 nhu c\u1ea7u [&hellip;]<\/p>\n","protected":false},"author":1,"featured_media":0,"parent":0,"menu_order":0,"comment_status":"closed","ping_status":"closed","template":"","meta":{"footnotes":""},"class_list":["post-2436","page","type-page","status-publish","hentry"],"_links":{"self":[{"href":"https:\/\/vagoo.vn\/index.php\/wp-json\/wp\/v2\/pages\/2436","targetHints":{"allow":["GET"]}}],"collection":[{"href":"https:\/\/vagoo.vn\/index.php\/wp-json\/wp\/v2\/pages"}],"about":[{"href":"https:\/\/vagoo.vn\/index.php\/wp-json\/wp\/v2\/types\/page"}],"author":[{"embeddable":true,"href":"https:\/\/vagoo.vn\/index.php\/wp-json\/wp\/v2\/users\/1"}],"replies":[{"embeddable":true,"href":"https:\/\/vagoo.vn\/index.php\/wp-json\/wp\/v2\/comments?post=2436"}],"version-history":[{"count":7,"href":"https:\/\/vagoo.vn\/index.php\/wp-json\/wp\/v2\/pages\/2436\/revisions"}],"predecessor-version":[{"id":2481,"href":"https:\/\/vagoo.vn\/index.php\/wp-json\/wp\/v2\/pages\/2436\/revisions\/2481"}],"wp:attachment":[{"href":"https:\/\/vagoo.vn\/index.php\/wp-json\/wp\/v2\/media?parent=2436"}],"curies":[{"name":"wp","href":"https:\/\/api.w.org\/{rel}","templated":true}]}}